{"id":1047,"date":"2020-05-02T23:52:16","date_gmt":"2020-05-02T23:52:16","guid":{"rendered":"http:\/\/risatel.com\/?page_id=1047"},"modified":"2020-05-04T20:46:43","modified_gmt":"2020-05-04T20:46:43","slug":"empresa-franca","status":"publish","type":"page","link":"http:\/\/risatel.com\/?page_id=1047&lang=fr","title":{"rendered":"ENTERPRISE"},"content":{"rendered":"\t\t<div data-elementor-type=\"wp-page\" data-elementor-id=\"1047\" class=\"elementor elementor-1047\">\n\t\t\t\t\t\t<section class=\"elementor-section elementor-top-section elementor-element elementor-element-6d0b963 elementor-section-height-min-height elementor-section-items-top elementor-section-boxed elementor-section-height-default\" data-id=\"6d0b963\" data-element_type=\"section\" data-settings=\"{&quot;animation&quot;:&quot;none&quot;}\">\n\t\t\t\t\t\t\t<div class=\"elementor-background-overlay\"><\/div>\n\t\t\t\t\t\t\t<div class=\"elementor-container elementor-column-gap-default\">\n\t\t\t\t\t<div class=\"elementor-column elementor-col-100 elementor-top-column elementor-element elementor-element-c50249f\" data-id=\"c50249f\" data-element_type=\"column\" data-settings=\"{&quot;animation&quot;:&quot;none&quot;}\">\n\t\t\t<div class=\"elementor-widget-wrap elementor-element-populated\">\n\t\t\t\t\t\t<div class=\"elementor-element elementor-element-dba0969 elementor-widget__width-initial elementor-widget elementor-widget-slides\" data-id=\"dba0969\" data-element_type=\"widget\" data-widget_type=\"slides.default\">\n\t\t\t\t<div class=\"elementor-widget-container\">\n\t\t\t\t\t \t\t\t\t<\/div>\n\t\t\t\t<\/div>\n\t\t\t\t\t<\/div>\n\t\t<\/div>\n\t\t\t\t\t<\/div>\n\t\t<\/section>\n\t\t\t\t<section class=\"elementor-section elementor-top-section elementor-element elementor-element-bc5b4c3 elementor-section-boxed elementor-section-height-default elementor-section-height-default\" data-id=\"bc5b4c3\" data-element_type=\"section\">\n\t\t\t\t\t\t<div class=\"elementor-container elementor-column-gap-default\">\n\t\t\t\t\t<div class=\"elementor-column elementor-col-50 elementor-top-column elementor-element elementor-element-0f229d0\" data-id=\"0f229d0\" data-element_type=\"column\">\n\t\t\t<div class=\"elementor-widget-wrap elementor-element-populated\">\n\t\t\t\t\t\t<div class=\"elementor-element elementor-element-8247e2a elementor-widget elementor-widget-heading\" data-id=\"8247e2a\" data-element_type=\"widget\" data-widget_type=\"heading.default\">\n\t\t\t\t<div class=\"elementor-widget-container\">\n\t\t\t\t\t<h2 class=\"elementor-heading-title elementor-size-default\">.01<\/h2>\t\t\t\t<\/div>\n\t\t\t\t<\/div>\n\t\t\t\t<div class=\"elementor-element elementor-element-53441cd elementor-widget elementor-widget-heading\" data-id=\"53441cd\" data-element_type=\"widget\" data-widget_type=\"heading.default\">\n\t\t\t\t<div class=\"elementor-widget-container\">\n\t\t\t\t\t<h2 class=\"elementor-heading-title elementor-size-default\">Entreprise<\/h2>\t\t\t\t<\/div>\n\t\t\t\t<\/div>\n\t\t\t\t<div class=\"elementor-element elementor-element-88282b1 elementor-widget elementor-widget-image\" data-id=\"88282b1\" data-element_type=\"widget\" data-widget_type=\"image.default\">\n\t\t\t\t<div class=\"elementor-widget-container\">\n\t\t\t\t\t\t\t\t\t\t\t\t\t\t\t\t<a href=\"http:\/\/risatel.com\/wp-content\/uploads\/2020\/05\/ficha_projeto.pdf\" target=\"_blank\">\n\t\t\t\t\t\t\t<img decoding=\"async\" width=\"176\" height=\"27\" src=\"https:\/\/risatel.com\/wp-content\/uploads\/2020\/04\/barras..jpg\" class=\"attachment-large size-large wp-image-191\" alt=\"\" \/>\t\t\t\t\t\t\t\t<\/a>\n\t\t\t\t\t\t\t\t\t\t\t\t\t\t\t<\/div>\n\t\t\t\t<\/div>\n\t\t\t\t\t<\/div>\n\t\t<\/div>\n\t\t\t\t<div class=\"elementor-column elementor-col-50 elementor-top-column elementor-element elementor-element-f1a0189\" data-id=\"f1a0189\" data-element_type=\"column\">\n\t\t\t<div class=\"elementor-widget-wrap elementor-element-populated\">\n\t\t\t\t\t\t<div class=\"elementor-element elementor-element-b3c1e2a elementor-widget elementor-widget-text-editor\" data-id=\"b3c1e2a\" data-element_type=\"widget\" data-widget_type=\"text-editor.default\">\n\t\t\t\t<div class=\"elementor-widget-container\">\n\t\t\t\t\t\t\t\t\t<p>Cr\u00e9\u00e9e en 1997, <span title=\"Ratel, Rid\u00e2tes, Ros\u00e2tes, Rus\u00e2tes, Tis\u00e2tes, Listel, Aris\u00e2tes, Bris\u00e2tes, Fris\u00e2tes, Gris\u00e2tes, Iris\u00e2tes, Pris\u00e2tes, Bis\u00e2tes, Mis\u00e2tes, Ras\u00e2tes, Rim\u00e2tes, Rip\u00e2tes, Riv\u00e2tes, Vis\u00e2tes, Ratels, Riante, Frisante, Grisante, Riantes, Gisante, Listels, Rasante, Risette, Criss\u00e2tes, Frisantes, Grisantes, Risqu\u00e2tes, Triss\u00e2tes, Hiss\u00e2tes, Arris\u00e2tes\">Risatel<\/span> est d\u00e9di\u00e9e au commerce des fils textiles.<\/p><p>Depuis sa fondation, elle a \u00e9tendu et consolid\u00e9 ses activit\u00e9s. Elle a <span title=\"\">actuellement<\/span> une implantation majeure sur le march\u00e9 portugais. Elle couvre une grande vari\u00e9t\u00e9 de fils pour les applications les plus diverses, \u00e0 la fois dans l&#8217;industrie du tricot et dans le tissage conventionnel.<\/p><p>Des articles techniques aux articles de mode, en mati\u00e8res premi\u00e8res et en couleurs, en fibres naturelles et artificielles m\u00e9lang\u00e9es ou non, <span title=\"Ratel, Rid\u00e2tes, Ros\u00e2tes, Rus\u00e2tes, Tis\u00e2tes, Listel, Aris\u00e2tes, Bris\u00e2tes, Fris\u00e2tes, Gris\u00e2tes, Iris\u00e2tes, Pris\u00e2tes, Bis\u00e2tes, Mis\u00e2tes, Ras\u00e2tes, Rim\u00e2tes, Rip\u00e2tes, Riv\u00e2tes, Vis\u00e2tes, Ratels, Riante, Frisante, Grisante, Riantes, Gisante, Listels, Rasante, Risette, Criss\u00e2tes, Frisantes, Grisantes, Risqu\u00e2tes, Triss\u00e2tes, Hiss\u00e2tes, Arris\u00e2tes\">Risatel<\/span> approvisionne une part consid\u00e9rable du march\u00e9 textile.<\/p>\t\t\t\t\t\t\t\t<\/div>\n\t\t\t\t<\/div>\n\t\t\t\t\t<\/div>\n\t\t<\/div>\n\t\t\t\t\t<\/div>\n\t\t<\/section>\n\t\t\t\t<section class=\"elementor-section elementor-top-section elementor-element elementor-element-8247c37 elementor-section-boxed elementor-section-height-default elementor-section-height-default\" data-id=\"8247c37\" data-element_type=\"section\">\n\t\t\t\t\t\t<div class=\"elementor-container elementor-column-gap-default\">\n\t\t\t\t\t<div class=\"elementor-column elementor-col-100 elementor-top-column elementor-element elementor-element-1c86016\" data-id=\"1c86016\" data-element_type=\"column\">\n\t\t\t<div class=\"elementor-widget-wrap elementor-element-populated\">\n\t\t\t\t\t\t<div class=\"elementor-element elementor-element-67073d6 elementor-widget elementor-widget-image\" data-id=\"67073d6\" data-element_type=\"widget\" data-widget_type=\"image.default\">\n\t\t\t\t<div class=\"elementor-widget-container\">\n\t\t\t\t\t\t\t\t\t\t\t\t\t\t\t<img fetchpriority=\"high\" decoding=\"async\" width=\"584\" height=\"245\" src=\"https:\/\/risatel.com\/wp-content\/uploads\/2020\/04\/risatel-instalacoes.jpg\" class=\"attachment-large size-large wp-image-363\" alt=\"\" srcset=\"https:\/\/risatel.com\/wp-content\/uploads\/2020\/04\/risatel-instalacoes.jpg 584w, https:\/\/risatel.com\/wp-content\/uploads\/2020\/04\/risatel-instalacoes-300x126.jpg 300w\" sizes=\"(max-width: 584px) 100vw, 584px\" \/>\t\t\t\t\t\t\t\t\t\t\t\t\t\t\t<\/div>\n\t\t\t\t<\/div>\n\t\t\t\t\t<\/div>\n\t\t<\/div>\n\t\t\t\t\t<\/div>\n\t\t<\/section>\n\t\t\t\t<section class=\"elementor-section elementor-top-section elementor-element elementor-element-033c51b elementor-section-boxed elementor-section-height-default elementor-section-height-default\" data-id=\"033c51b\" data-element_type=\"section\">\n\t\t\t\t\t\t<div class=\"elementor-container elementor-column-gap-default\">\n\t\t\t\t\t<div class=\"elementor-column elementor-col-50 elementor-top-column elementor-element elementor-element-8d75e88\" data-id=\"8d75e88\" data-element_type=\"column\">\n\t\t\t<div class=\"elementor-widget-wrap\">\n\t\t\t\t\t\t\t<\/div>\n\t\t<\/div>\n\t\t\t\t<div class=\"elementor-column elementor-col-50 elementor-top-column elementor-element elementor-element-390f803\" data-id=\"390f803\" data-element_type=\"column\">\n\t\t\t<div class=\"elementor-widget-wrap elementor-element-populated\">\n\t\t\t\t\t\t<div class=\"elementor-element elementor-element-6063716 elementor-widget elementor-widget-text-editor\" data-id=\"6063716\" data-element_type=\"widget\" data-widget_type=\"text-editor.default\">\n\t\t\t\t<div class=\"elementor-widget-container\">\n\t\t\t\t\t\t\t\t\t<p>\u00a0<\/p><p>L&#8217;entreprise, en utilisant ses ressources techniques et humaines, a \u00e9galement d\u00e9velopp\u00e9 de nouveaux produits adapt\u00e9s aux besoins de certains clients, trouvant des solutions innovantes pour diverses applications.<\/p><p>Elle dispose des moyens logistiques n\u00e9cessaires pour assurer cette activit\u00e9.<\/p><p>Elle a des entrep\u00f4ts et son propre transport. Laboratoires physiques et chimiques pour tester la qualit\u00e9 de tous les fils. Elle dispose de services commerciaux d&#8217;achat et de vente, ainsi que d&#8217;assurer toutes les d\u00e9marches administratives en interne.<\/p><p>Les provisions sont faites directement \u00e0 la source, partout dans le monde. Au fil des ans, nous avons d\u00e9velopp\u00e9 plusieurs partenariats avec certains des meilleurs producteurs de fils, ayant <span class=\"ver\" title=\"This word exists in French and translates as &quot;presently&quot;. If you want to say &quot;actually&quot;, use &lt;i&gt;en fait&lt;\/i&gt; or &lt;i&gt;\u00e0 vrai dire&lt;\/i&gt;.\">actuellement<\/span> une connaissance accumul\u00e9e qui nous permet de s\u00e9lectionner les meilleurs fabricants pour chaque type de produit.<\/p><p>En plus du march\u00e9 portugais, <span class=\"spellver\" title=\"Ratel, Rid\u00e2tes, Ros\u00e2tes, Rus\u00e2tes, Tis\u00e2tes, Listel, Aris\u00e2tes, Bris\u00e2tes, Fris\u00e2tes, Gris\u00e2tes, Iris\u00e2tes, Pris\u00e2tes, Bis\u00e2tes, Mis\u00e2tes, Ras\u00e2tes, Rim\u00e2tes, Rip\u00e2tes, Riv\u00e2tes, Vis\u00e2tes, Ratels, Riante, Frisante, Grisante, Riantes, Gisante, Listels, Rasante, Risette, Criss\u00e2tes, Frisantes, Grisantes, Risqu\u00e2tes, Triss\u00e2tes, Hiss\u00e2tes, Arris\u00e2tes\">Risatel<\/span> est pr\u00e9sent dans le reste de l&#8217;Europe et en Afrique du Nord.<\/p><p>En Am\u00e9rique du Sud, elle est pr\u00e9sente au Br\u00e9sil et le processus d&#8217;expansion vers d&#8217;autres march\u00e9s de cette r\u00e9gion est en cours.<\/p><p>Les plans de l&#8217;entreprise incluent la maintenance sur le march\u00e9 portugais, la poursuite de la diversification de ses produits et l&#8217;augmentation de son chiffre d&#8217;affaires avec l&#8217;augmentation des exportations.<\/p><p>\u00a0<\/p>\t\t\t\t\t\t\t\t<\/div>\n\t\t\t\t<\/div>\n\t\t\t\t\t<\/div>\n\t\t<\/div>\n\t\t\t\t\t<\/div>\n\t\t<\/section>\n\t\t\t\t<\/div>\n\t\t","protected":false},"excerpt":{"rendered":"<p>.01 Entreprise Cr\u00e9\u00e9e en 1997, Risatel est d\u00e9di\u00e9e au commerce des fils textiles. Depuis sa fondation, elle a \u00e9tendu et consolid\u00e9 ses activit\u00e9s. Elle a actuellement une implantation majeure sur le march\u00e9 portugais. Elle couvre une grande vari\u00e9t\u00e9 de fils pour les applications les plus diverses, \u00e0 la fois dans l&#8217;industrie du tricot et dans [&hellip;]<\/p>\n","protected":false},"author":1,"featured_media":246,"parent":0,"menu_order":0,"comment_status":"closed","ping_status":"closed","template":"","meta":{"ocean_post_layout":"","ocean_both_sidebars_style":"","ocean_both_sidebars_content_width":0,"ocean_both_sidebars_sidebars_width":0,"ocean_sidebar":"0","ocean_second_sidebar":"0","ocean_disable_margins":"enable","ocean_add_body_class":"","ocean_shortcode_before_top_bar":"","ocean_shortcode_after_top_bar":"","ocean_shortcode_before_header":"","ocean_shortcode_after_header":"","ocean_has_shortcode":"","ocean_shortcode_after_title":"","ocean_shortcode_before_footer_widgets":"","ocean_shortcode_after_footer_widgets":"","ocean_shortcode_before_footer_bottom":"","ocean_shortcode_after_footer_bottom":"","ocean_display_top_bar":"default","ocean_display_header":"default","ocean_header_style":"","ocean_center_header_left_menu":"0","ocean_custom_header_template":"0","ocean_custom_logo":0,"ocean_custom_retina_logo":0,"ocean_custom_logo_max_width":0,"ocean_custom_logo_tablet_max_width":0,"ocean_custom_logo_mobile_max_width":0,"ocean_custom_logo_max_height":0,"ocean_custom_logo_tablet_max_height":0,"ocean_custom_logo_mobile_max_height":0,"ocean_header_custom_menu":"0","ocean_menu_typo_font_family":"0","ocean_menu_typo_font_subset":"","ocean_menu_typo_font_size":0,"ocean_menu_typo_font_size_tablet":0,"ocean_menu_typo_font_size_mobile":0,"ocean_menu_typo_font_size_unit":"px","ocean_menu_typo_font_weight":"","ocean_menu_typo_font_weight_tablet":"","ocean_menu_typo_font_weight_mobile":"","ocean_menu_typo_transform":"","ocean_menu_typo_transform_tablet":"","ocean_menu_typo_transform_mobile":"","ocean_menu_typo_line_height":0,"ocean_menu_typo_line_height_tablet":0,"ocean_menu_typo_line_height_mobile":0,"ocean_menu_typo_line_height_unit":"","ocean_menu_typo_spacing":0,"ocean_menu_typo_spacing_tablet":0,"ocean_menu_typo_spacing_mobile":0,"ocean_menu_typo_spacing_unit":"","ocean_menu_link_color":"","ocean_menu_link_color_hover":"","ocean_menu_link_color_active":"","ocean_menu_link_background":"","ocean_menu_link_hover_background":"","ocean_menu_link_active_background":"","ocean_menu_social_links_bg":"","ocean_menu_social_hover_links_bg":"","ocean_menu_social_links_color":"","ocean_menu_social_hover_links_color":"","ocean_disable_title":"on","ocean_disable_heading":"default","ocean_post_title":"","ocean_post_subheading":"","ocean_post_title_style":"","ocean_post_title_background_color":"","ocean_post_title_background":0,"ocean_post_title_bg_image_position":"","ocean_post_title_bg_image_attachment":"","ocean_post_title_bg_image_repeat":"","ocean_post_title_bg_image_size":"","ocean_post_title_height":0,"ocean_post_title_bg_overlay":0.5,"ocean_post_title_bg_overlay_color":"","ocean_disable_breadcrumbs":"default","ocean_breadcrumbs_color":"","ocean_breadcrumbs_separator_color":"","ocean_breadcrumbs_links_color":"","ocean_breadcrumbs_links_hover_color":"","ocean_display_footer_widgets":"default","ocean_display_footer_bottom":"default","ocean_custom_footer_template":"0","footnotes":""},"class_list":["post-1047","page","type-page","status-publish","has-post-thumbnail","hentry","entry","has-media"],"_links":{"self":[{"href":"http:\/\/risatel.com\/index.php?rest_route=\/wp\/v2\/pages\/1047","targetHints":{"allow":["GET"]}}],"collection":[{"href":"http:\/\/risatel.com\/index.php?rest_route=\/wp\/v2\/pages"}],"about":[{"href":"http:\/\/risatel.com\/index.php?rest_route=\/wp\/v2\/types\/page"}],"author":[{"embeddable":true,"href":"http:\/\/risatel.com\/index.php?rest_route=\/wp\/v2\/users\/1"}],"replies":[{"embeddable":true,"href":"http:\/\/risatel.com\/index.php?rest_route=%2Fwp%2Fv2%2Fcomments&post=1047"}],"version-history":[{"count":7,"href":"http:\/\/risatel.com\/index.php?rest_route=\/wp\/v2\/pages\/1047\/revisions"}],"predecessor-version":[{"id":1205,"href":"http:\/\/risatel.com\/index.php?rest_route=\/wp\/v2\/pages\/1047\/revisions\/1205"}],"wp:featuredmedia":[{"embeddable":true,"href":"http:\/\/risatel.com\/index.php?rest_route=\/wp\/v2\/media\/246"}],"wp:attachment":[{"href":"http:\/\/risatel.com\/index.php?rest_route=%2Fwp%2Fv2%2Fmedia&parent=1047"}],"curies":[{"name":"wp","href":"https:\/\/api.w.org\/{rel}","templated":true}]}}