{"id":1030,"date":"2020-05-02T23:37:42","date_gmt":"2020-05-02T23:37:42","guid":{"rendered":"http:\/\/risatel.com\/?page_id=1030"},"modified":"2023-10-10T09:41:23","modified_gmt":"2023-10-10T09:41:23","slug":"mercados-franca","status":"publish","type":"page","link":"http:\/\/risatel.com\/?page_id=1030&lang=fr","title":{"rendered":"MARCH\u00c9S"},"content":{"rendered":"\t\t<div data-elementor-type=\"wp-page\" data-elementor-id=\"1030\" class=\"elementor elementor-1030\">\n\t\t\t\t\t\t<section class=\"elementor-section elementor-top-section elementor-element elementor-element-6d0b963 elementor-section-height-min-height elementor-section-items-top elementor-section-boxed elementor-section-height-default\" data-id=\"6d0b963\" data-element_type=\"section\">\n\t\t\t\t\t\t\t<div class=\"elementor-background-overlay\"><\/div>\n\t\t\t\t\t\t\t<div class=\"elementor-container elementor-column-gap-default\">\n\t\t\t\t\t<div class=\"elementor-column elementor-col-100 elementor-top-column elementor-element elementor-element-c50249f\" data-id=\"c50249f\" data-element_type=\"column\" data-settings=\"{&quot;animation&quot;:&quot;none&quot;}\">\n\t\t\t<div class=\"elementor-widget-wrap elementor-element-populated\">\n\t\t\t\t\t\t<div class=\"elementor-element elementor-element-dba0969 elementor-widget__width-initial elementor-widget elementor-widget-slides\" data-id=\"dba0969\" data-element_type=\"widget\" data-widget_type=\"slides.default\">\n\t\t\t\t<div class=\"elementor-widget-container\">\n\t\t\t\t\t \t\t\t\t<\/div>\n\t\t\t\t<\/div>\n\t\t\t\t\t<\/div>\n\t\t<\/div>\n\t\t\t\t\t<\/div>\n\t\t<\/section>\n\t\t\t\t<section class=\"elementor-section elementor-top-section elementor-element elementor-element-bc5b4c3 elementor-section-boxed elementor-section-height-default elementor-section-height-default\" data-id=\"bc5b4c3\" data-element_type=\"section\">\n\t\t\t\t\t\t<div class=\"elementor-container elementor-column-gap-default\">\n\t\t\t\t\t<div class=\"elementor-column elementor-col-50 elementor-top-column elementor-element elementor-element-0f229d0\" data-id=\"0f229d0\" data-element_type=\"column\">\n\t\t\t<div class=\"elementor-widget-wrap elementor-element-populated\">\n\t\t\t\t\t\t<div class=\"elementor-element elementor-element-8247e2a elementor-widget elementor-widget-heading\" data-id=\"8247e2a\" data-element_type=\"widget\" data-widget_type=\"heading.default\">\n\t\t\t\t<div class=\"elementor-widget-container\">\n\t\t\t\t\t<h2 class=\"elementor-heading-title elementor-size-default\">.04<\/h2>\t\t\t\t<\/div>\n\t\t\t\t<\/div>\n\t\t\t\t<div class=\"elementor-element elementor-element-53441cd elementor-widget elementor-widget-heading\" data-id=\"53441cd\" data-element_type=\"widget\" data-widget_type=\"heading.default\">\n\t\t\t\t<div class=\"elementor-widget-container\">\n\t\t\t\t\t<h2 class=\"elementor-heading-title elementor-size-default\">March\u00e9s<\/h2>\t\t\t\t<\/div>\n\t\t\t\t<\/div>\n\t\t\t\t<div class=\"elementor-element elementor-element-88282b1 elementor-widget elementor-widget-image\" data-id=\"88282b1\" data-element_type=\"widget\" data-widget_type=\"image.default\">\n\t\t\t\t<div class=\"elementor-widget-container\">\n\t\t\t\t\t\t\t\t\t\t\t\t\t\t\t\t<a href=\"http:\/\/risatel.com\/wp-content\/uploads\/2020\/05\/ficha_projeto.pdf\" target=\"_blank\">\n\t\t\t\t\t\t\t<img decoding=\"async\" width=\"176\" height=\"27\" src=\"https:\/\/risatel.com\/wp-content\/uploads\/2020\/04\/barras..jpg\" class=\"attachment-large size-large wp-image-191\" alt=\"\" \/>\t\t\t\t\t\t\t\t<\/a>\n\t\t\t\t\t\t\t\t\t\t\t\t\t\t\t<\/div>\n\t\t\t\t<\/div>\n\t\t\t\t\t<\/div>\n\t\t<\/div>\n\t\t\t\t<div class=\"elementor-column elementor-col-50 elementor-top-column elementor-element elementor-element-f1a0189\" data-id=\"f1a0189\" data-element_type=\"column\">\n\t\t\t<div class=\"elementor-widget-wrap elementor-element-populated\">\n\t\t\t\t\t\t<div class=\"elementor-element elementor-element-b3c1e2a elementor-widget elementor-widget-text-editor\" data-id=\"b3c1e2a\" data-element_type=\"widget\" data-widget_type=\"text-editor.default\">\n\t\t\t\t<div class=\"elementor-widget-container\">\n\t\t\t\t\t\t\t\t\t<h1>NATIONAL<br \/><img decoding=\"async\" src=\"http:\/\/www.risatel.com\/userfiles\/image\/barras-5.png\" alt=\"\" width=\"182\" height=\"10\" vspace=\"6\" \/><\/h1><p>Pr\u00e9sent sur le march\u00e9 national depuis 1997, <span title=\"Ratel, Rid\u00e2tes, Ros\u00e2tes, Rus\u00e2tes, Tis\u00e2tes, Listel, Aris\u00e2tes, Bris\u00e2tes, Fris\u00e2tes, Gris\u00e2tes, Iris\u00e2tes, Pris\u00e2tes, Bis\u00e2tes, Mis\u00e2tes, Ras\u00e2tes, Rim\u00e2tes, Rip\u00e2tes, Riv\u00e2tes, Vis\u00e2tes, Ratels, Riante, Frisante, Grisante, Riantes, Gisante, Listels, Rasante, Risette, Criss\u00e2tes, Frisantes, Grisantes, Risqu\u00e2tes, Triss\u00e2tes, Hiss\u00e2tes, Arris\u00e2tes\">Risatel<\/span> fournit des fils \u00e0 toutes les branches de l&#8217;industrie textile.<\/p><p>Nos clients comprennent des entreprises des secteurs suivants<span title=\"This punctuation mark must be preceded by a space.\">:<\/span><\/p><p>V\u00eatements (tricot et tissage)<\/p><p><span style=\"font-family: Exo; font-size: 12px; font-style: normal; font-weight: 300;\">Textiles de maison<\/span><\/p><p>Passementerie<\/p><p>Artisanat<\/p><p><span style=\"font-family: Exo; font-size: 12px; font-style: normal; font-weight: 300;\">Textiles techniques<\/span><\/p><h1 style=\"font-variant-ligatures: normal; font-variant-caps: normal;\">INTERNATIONAL<\/h1><h1 style=\"font-variant-ligatures: normal; font-variant-caps: normal;\"><img decoding=\"async\" style=\"font-family: Exo; font-size: 23px; font-style: normal; font-variant-ligatures: normal; font-variant-caps: normal; font-weight: 500;\" src=\"http:\/\/www.risatel.com\/userfiles\/image\/barras-5.png\" alt=\"\" width=\"182\" height=\"10\" vspace=\"6\" \/><\/h1><p>Nous envoyons \u00e9galement les fils directement \u00e0 partir d&#8217;autres sources. Dans ce cas, nous <span title=\"\">assurons le contr\u00f4le<\/span> de la qualit\u00e9 sur le site de production.<\/p><p>Les march\u00e9s europ\u00e9ens et nord-africains sont conduits de notre si\u00e8ge social.<\/p><p>Au Maroc, nous avons nos propres services commerciaux.<\/p><div>\u00a0<\/div><div>\u00a0<\/div>\t\t\t\t\t\t\t\t<\/div>\n\t\t\t\t<\/div>\n\t\t\t\t\t<\/div>\n\t\t<\/div>\n\t\t\t\t\t<\/div>\n\t\t<\/section>\n\t\t\t\t<section class=\"elementor-section elementor-top-section elementor-element elementor-element-602d6d9 elementor-section-boxed elementor-section-height-default elementor-section-height-default\" data-id=\"602d6d9\" data-element_type=\"section\">\n\t\t\t\t\t\t<div class=\"elementor-container elementor-column-gap-default\">\n\t\t\t\t\t<div class=\"elementor-column elementor-col-100 elementor-top-column elementor-element elementor-element-82baf37\" data-id=\"82baf37\" data-element_type=\"column\">\n\t\t\t<div class=\"elementor-widget-wrap\">\n\t\t\t\t\t\t\t<\/div>\n\t\t<\/div>\n\t\t\t\t\t<\/div>\n\t\t<\/section>\n\t\t\t\t<\/div>\n\t\t","protected":false},"excerpt":{"rendered":"<p>.04 March\u00e9s NATIONAL Pr\u00e9sent sur le march\u00e9 national depuis 1997, Risatel fournit des fils \u00e0 toutes les branches de l&#8217;industrie textile. Nos clients comprennent des entreprises des secteurs suivants: V\u00eatements (tricot et tissage) Textiles de maison Passementerie Artisanat Textiles techniques INTERNATIONAL Nous envoyons \u00e9galement les fils directement \u00e0 partir d&#8217;autres sources. Dans ce cas, nous [&hellip;]<\/p>\n","protected":false},"author":1,"featured_media":246,"parent":0,"menu_order":0,"comment_status":"closed","ping_status":"closed","template":"","meta":{"ocean_post_layout":"","ocean_both_sidebars_style":"","ocean_both_sidebars_content_width":0,"ocean_both_sidebars_sidebars_width":0,"ocean_sidebar":"0","ocean_second_sidebar":"0","ocean_disable_margins":"enable","ocean_add_body_class":"","ocean_shortcode_before_top_bar":"","ocean_shortcode_after_top_bar":"","ocean_shortcode_before_header":"","ocean_shortcode_after_header":"","ocean_has_shortcode":"","ocean_shortcode_after_title":"","ocean_shortcode_before_footer_widgets":"","ocean_shortcode_after_footer_widgets":"","ocean_shortcode_before_footer_bottom":"","ocean_shortcode_after_footer_bottom":"","ocean_display_top_bar":"default","ocean_display_header":"default","ocean_header_style":"","ocean_center_header_left_menu":"0","ocean_custom_header_template":"0","ocean_custom_logo":0,"ocean_custom_retina_logo":0,"ocean_custom_logo_max_width":0,"ocean_custom_logo_tablet_max_width":0,"ocean_custom_logo_mobile_max_width":0,"ocean_custom_logo_max_height":0,"ocean_custom_logo_tablet_max_height":0,"ocean_custom_logo_mobile_max_height":0,"ocean_header_custom_menu":"0","ocean_menu_typo_font_family":"0","ocean_menu_typo_font_subset":"","ocean_menu_typo_font_size":0,"ocean_menu_typo_font_size_tablet":0,"ocean_menu_typo_font_size_mobile":0,"ocean_menu_typo_font_size_unit":"px","ocean_menu_typo_font_weight":"","ocean_menu_typo_font_weight_tablet":"","ocean_menu_typo_font_weight_mobile":"","ocean_menu_typo_transform":"","ocean_menu_typo_transform_tablet":"","ocean_menu_typo_transform_mobile":"","ocean_menu_typo_line_height":0,"ocean_menu_typo_line_height_tablet":0,"ocean_menu_typo_line_height_mobile":0,"ocean_menu_typo_line_height_unit":"","ocean_menu_typo_spacing":0,"ocean_menu_typo_spacing_tablet":0,"ocean_menu_typo_spacing_mobile":0,"ocean_menu_typo_spacing_unit":"","ocean_menu_link_color":"","ocean_menu_link_color_hover":"","ocean_menu_link_color_active":"","ocean_menu_link_background":"","ocean_menu_link_hover_background":"","ocean_menu_link_active_background":"","ocean_menu_social_links_bg":"","ocean_menu_social_hover_links_bg":"","ocean_menu_social_links_color":"","ocean_menu_social_hover_links_color":"","ocean_disable_title":"on","ocean_disable_heading":"default","ocean_post_title":"","ocean_post_subheading":"","ocean_post_title_style":"","ocean_post_title_background_color":"","ocean_post_title_background":0,"ocean_post_title_bg_image_position":"","ocean_post_title_bg_image_attachment":"","ocean_post_title_bg_image_repeat":"","ocean_post_title_bg_image_size":"","ocean_post_title_height":0,"ocean_post_title_bg_overlay":0.5,"ocean_post_title_bg_overlay_color":"","ocean_disable_breadcrumbs":"default","ocean_breadcrumbs_color":"","ocean_breadcrumbs_separator_color":"","ocean_breadcrumbs_links_color":"","ocean_breadcrumbs_links_hover_color":"","ocean_display_footer_widgets":"default","ocean_display_footer_bottom":"default","ocean_custom_footer_template":"0","footnotes":""},"class_list":["post-1030","page","type-page","status-publish","has-post-thumbnail","hentry","entry","has-media"],"_links":{"self":[{"href":"http:\/\/risatel.com\/index.php?rest_route=\/wp\/v2\/pages\/1030","targetHints":{"allow":["GET"]}}],"collection":[{"href":"http:\/\/risatel.com\/index.php?rest_route=\/wp\/v2\/pages"}],"about":[{"href":"http:\/\/risatel.com\/index.php?rest_route=\/wp\/v2\/types\/page"}],"author":[{"embeddable":true,"href":"http:\/\/risatel.com\/index.php?rest_route=\/wp\/v2\/users\/1"}],"replies":[{"embeddable":true,"href":"http:\/\/risatel.com\/index.php?rest_route=%2Fwp%2Fv2%2Fcomments&post=1030"}],"version-history":[{"count":11,"href":"http:\/\/risatel.com\/index.php?rest_route=\/wp\/v2\/pages\/1030\/revisions"}],"predecessor-version":[{"id":1300,"href":"http:\/\/risatel.com\/index.php?rest_route=\/wp\/v2\/pages\/1030\/revisions\/1300"}],"wp:featuredmedia":[{"embeddable":true,"href":"http:\/\/risatel.com\/index.php?rest_route=\/wp\/v2\/media\/246"}],"wp:attachment":[{"href":"http:\/\/risatel.com\/index.php?rest_route=%2Fwp%2Fv2%2Fmedia&parent=1030"}],"curies":[{"name":"wp","href":"https:\/\/api.w.org\/{rel}","templated":true}]}}